{"id":1073,"date":"2018-02-01T15:57:21","date_gmt":"2018-02-01T12:57:21","guid":{"rendered":"http:\/\/univela.local\/home\/"},"modified":"2020-03-18T13:23:12","modified_gmt":"2020-03-18T10:23:12","slug":"hauptseite","status":"publish","type":"page","link":"https:\/\/univela-morocco.com\/de\/","title":{"rendered":"Hauptseite"},"content":{"rendered":"","protected":false},"excerpt":{"rendered":"","protected":false},"author":1,"featured_media":0,"parent":0,"menu_order":0,"comment_status":"closed","ping_status":"closed","template":"","meta":{"_acf_changed":false,"footnotes":""},"class_list":["post-1073","page","type-page","status-publish","hentry"],"acf":[],"yoast_head":"<!-- This site is optimized with the Yoast SEO plugin v26.5 - https:\/\/yoast.com\/wordpress\/plugins\/seo\/ -->\n<title>Exporte aus Marokko. Gro\u00dfe Export-Import-Firma Univela Morocco<\/title>\n<meta name=\"description\" content=\"Wir sind ein bedeutender Lieferant von Fisch, Meeresfr\u00fcchten, Gem\u00fcse, Obst und anderen marokkanischen Produkten f\u00fcr Sie. Wir exportieren Waren zu Bauernh\u00f6fen in jedem Land\" \/>\n<meta name=\"robots\" content=\"index, follow, max-snippet:-1, max-image-preview:large, max-video-preview:-1\" \/>\n<link rel=\"canonical\" href=\"https:\/\/univela-morocco.com\/de\/\" \/>\n<meta property=\"og:locale\" content=\"de_DE\" \/>\n<meta property=\"og:type\" content=\"article\" \/>\n<meta property=\"og:title\" content=\"Exporte aus Marokko. Gro\u00dfe Export-Import-Firma Univela Morocco\" \/>\n<meta property=\"og:description\" content=\"Wir sind ein bedeutender Lieferant von Fisch, Meeresfr\u00fcchten, Gem\u00fcse, Obst und anderen marokkanischen Produkten f\u00fcr Sie. Wir exportieren Waren zu Bauernh\u00f6fen in jedem Land\" \/>\n<meta property=\"og:url\" content=\"https:\/\/univela-morocco.com\/de\/\" \/>\n<meta property=\"article:modified_time\" content=\"2020-03-18T10:23:12+00:00\" \/>\n<meta name=\"twitter:card\" content=\"summary_large_image\" \/>\n<script type=\"application\/ld+json\" class=\"yoast-schema-graph\">{\"@context\":\"https:\/\/schema.org\",\"@graph\":[{\"@type\":\"WebPage\",\"@id\":\"https:\/\/univela-morocco.com\/de\/\",\"url\":\"https:\/\/univela-morocco.com\/de\/\",\"name\":\"Exporte aus Marokko. Gro\u00dfe Export-Import-Firma Univela Morocco\",\"isPartOf\":{\"@id\":\"https:\/\/www.univela-morocco.com\/fr\/#website\"},\"datePublished\":\"2018-02-01T12:57:21+00:00\",\"dateModified\":\"2020-03-18T10:23:12+00:00\",\"description\":\"Wir sind ein bedeutender Lieferant von Fisch, Meeresfr\u00fcchten, Gem\u00fcse, Obst und anderen marokkanischen Produkten f\u00fcr Sie. Wir exportieren Waren zu Bauernh\u00f6fen in jedem Land\",\"breadcrumb\":{\"@id\":\"https:\/\/univela-morocco.com\/de\/#breadcrumb\"},\"inLanguage\":\"de-DE\",\"potentialAction\":[{\"@type\":\"ReadAction\",\"target\":[\"https:\/\/univela-morocco.com\/de\/\"]}]},{\"@type\":\"BreadcrumbList\",\"@id\":\"https:\/\/univela-morocco.com\/de\/#breadcrumb\",\"itemListElement\":[{\"@type\":\"ListItem\",\"position\":1,\"name\":\"Home\",\"item\":\"https:\/\/univela-morocco.com\/de\/\"},{\"@type\":\"ListItem\",\"position\":2,\"name\":\"Hauptseite\"}]},{\"@type\":\"WebSite\",\"@id\":\"https:\/\/www.univela-morocco.com\/fr\/#website\",\"url\":\"https:\/\/www.univela-morocco.com\/fr\/\",\"name\":\"\",\"description\":\"\",\"potentialAction\":[{\"@type\":\"SearchAction\",\"target\":{\"@type\":\"EntryPoint\",\"urlTemplate\":\"https:\/\/www.univela-morocco.com\/fr\/?s={search_term_string}\"},\"query-input\":{\"@type\":\"PropertyValueSpecification\",\"valueRequired\":true,\"valueName\":\"search_term_string\"}}],\"inLanguage\":\"de-DE\"}]}<\/script>\n<!-- \/ Yoast SEO plugin. -->","yoast_head_json":{"title":"Exporte aus Marokko. Gro\u00dfe Export-Import-Firma Univela Morocco","description":"Wir sind ein bedeutender Lieferant von Fisch, Meeresfr\u00fcchten, Gem\u00fcse, Obst und anderen marokkanischen Produkten f\u00fcr Sie. Wir exportieren Waren zu Bauernh\u00f6fen in jedem Land","robots":{"index":"index","follow":"follow","max-snippet":"max-snippet:-1","max-image-preview":"max-image-preview:large","max-video-preview":"max-video-preview:-1"},"canonical":"https:\/\/univela-morocco.com\/de\/","og_locale":"de_DE","og_type":"article","og_title":"Exporte aus Marokko. Gro\u00dfe Export-Import-Firma Univela Morocco","og_description":"Wir sind ein bedeutender Lieferant von Fisch, Meeresfr\u00fcchten, Gem\u00fcse, Obst und anderen marokkanischen Produkten f\u00fcr Sie. Wir exportieren Waren zu Bauernh\u00f6fen in jedem Land","og_url":"https:\/\/univela-morocco.com\/de\/","article_modified_time":"2020-03-18T10:23:12+00:00","twitter_card":"summary_large_image","schema":{"@context":"https:\/\/schema.org","@graph":[{"@type":"WebPage","@id":"https:\/\/univela-morocco.com\/de\/","url":"https:\/\/univela-morocco.com\/de\/","name":"Exporte aus Marokko. Gro\u00dfe Export-Import-Firma Univela Morocco","isPartOf":{"@id":"https:\/\/www.univela-morocco.com\/fr\/#website"},"datePublished":"2018-02-01T12:57:21+00:00","dateModified":"2020-03-18T10:23:12+00:00","description":"Wir sind ein bedeutender Lieferant von Fisch, Meeresfr\u00fcchten, Gem\u00fcse, Obst und anderen marokkanischen Produkten f\u00fcr Sie. Wir exportieren Waren zu Bauernh\u00f6fen in jedem Land","breadcrumb":{"@id":"https:\/\/univela-morocco.com\/de\/#breadcrumb"},"inLanguage":"de-DE","potentialAction":[{"@type":"ReadAction","target":["https:\/\/univela-morocco.com\/de\/"]}]},{"@type":"BreadcrumbList","@id":"https:\/\/univela-morocco.com\/de\/#breadcrumb","itemListElement":[{"@type":"ListItem","position":1,"name":"Home","item":"https:\/\/univela-morocco.com\/de\/"},{"@type":"ListItem","position":2,"name":"Hauptseite"}]},{"@type":"WebSite","@id":"https:\/\/www.univela-morocco.com\/fr\/#website","url":"https:\/\/www.univela-morocco.com\/fr\/","name":"","description":"","potentialAction":[{"@type":"SearchAction","target":{"@type":"EntryPoint","urlTemplate":"https:\/\/www.univela-morocco.com\/fr\/?s={search_term_string}"},"query-input":{"@type":"PropertyValueSpecification","valueRequired":true,"valueName":"search_term_string"}}],"inLanguage":"de-DE"}]}},"_links":{"self":[{"href":"https:\/\/univela-morocco.com\/de\/wp-json\/wp\/v2\/pages\/1073","targetHints":{"allow":["GET"]}}],"collection":[{"href":"https:\/\/univela-morocco.com\/de\/wp-json\/wp\/v2\/pages"}],"about":[{"href":"https:\/\/univela-morocco.com\/de\/wp-json\/wp\/v2\/types\/page"}],"author":[{"embeddable":true,"href":"https:\/\/univela-morocco.com\/de\/wp-json\/wp\/v2\/users\/1"}],"replies":[{"embeddable":true,"href":"https:\/\/univela-morocco.com\/de\/wp-json\/wp\/v2\/comments?post=1073"}],"version-history":[{"count":9,"href":"https:\/\/univela-morocco.com\/de\/wp-json\/wp\/v2\/pages\/1073\/revisions"}],"predecessor-version":[{"id":2978,"href":"https:\/\/univela-morocco.com\/de\/wp-json\/wp\/v2\/pages\/1073\/revisions\/2978"}],"wp:attachment":[{"href":"https:\/\/univela-morocco.com\/de\/wp-json\/wp\/v2\/media?parent=1073"}],"curies":[{"name":"wp","href":"https:\/\/api.w.org\/{rel}","templated":true}]}}