{"id":994,"date":"2018-02-01T17:13:32","date_gmt":"2018-02-01T14:13:32","guid":{"rendered":"http:\/\/univela.myany.name\/about\/"},"modified":"2020-03-19T11:14:00","modified_gmt":"2020-03-19T08:14:00","slug":"about","status":"publish","type":"page","link":"https:\/\/univela-morocco.com\/fr\/about\/","title":{"rendered":"About"},"content":{"rendered":"","protected":false},"excerpt":{"rendered":"","protected":false},"author":1,"featured_media":0,"parent":0,"menu_order":0,"comment_status":"closed","ping_status":"closed","template":"","meta":{"_acf_changed":false,"footnotes":""},"class_list":["post-994","page","type-page","status-publish","hentry"],"acf":[],"yoast_head":"<!-- This site is optimized with the Yoast SEO plugin v26.5 - https:\/\/yoast.com\/wordpress\/plugins\/seo\/ -->\n<title>\u00c0 propos du fournisseur - Univela Morocco<\/title>\n<meta name=\"description\" content=\"Informations sur la soci\u00e9t\u00e9 Univela Morocco, ses caract\u00e9ristiques et avantages sur le march\u00e9\" \/>\n<meta name=\"robots\" content=\"index, follow, max-snippet:-1, max-image-preview:large, max-video-preview:-1\" \/>\n<link rel=\"canonical\" href=\"https:\/\/www.univela-morocco.com\/fr\/about\/\" \/>\n<meta property=\"og:locale\" content=\"fr_FR\" \/>\n<meta property=\"og:type\" content=\"article\" \/>\n<meta property=\"og:title\" content=\"\u00c0 propos du fournisseur - Univela Morocco\" \/>\n<meta property=\"og:description\" content=\"Informations sur la soci\u00e9t\u00e9 Univela Morocco, ses caract\u00e9ristiques et avantages sur le march\u00e9\" \/>\n<meta property=\"og:url\" content=\"https:\/\/www.univela-morocco.com\/fr\/about\/\" \/>\n<meta property=\"article:modified_time\" content=\"2020-03-19T08:14:00+00:00\" \/>\n<meta name=\"twitter:card\" content=\"summary_large_image\" \/>\n<script type=\"application\/ld+json\" class=\"yoast-schema-graph\">{\"@context\":\"https:\/\/schema.org\",\"@graph\":[{\"@type\":\"WebPage\",\"@id\":\"https:\/\/www.univela-morocco.com\/fr\/about\/\",\"url\":\"https:\/\/www.univela-morocco.com\/fr\/about\/\",\"name\":\"\u00c0 propos du fournisseur - Univela Morocco\",\"isPartOf\":{\"@id\":\"https:\/\/www.univela-morocco.com\/fr\/#website\"},\"datePublished\":\"2018-02-01T14:13:32+00:00\",\"dateModified\":\"2020-03-19T08:14:00+00:00\",\"description\":\"Informations sur la soci\u00e9t\u00e9 Univela Morocco, ses caract\u00e9ristiques et avantages sur le march\u00e9\",\"breadcrumb\":{\"@id\":\"https:\/\/www.univela-morocco.com\/fr\/about\/#breadcrumb\"},\"inLanguage\":\"fr-FR\",\"potentialAction\":[{\"@type\":\"ReadAction\",\"target\":[\"https:\/\/www.univela-morocco.com\/fr\/about\/\"]}]},{\"@type\":\"BreadcrumbList\",\"@id\":\"https:\/\/www.univela-morocco.com\/fr\/about\/#breadcrumb\",\"itemListElement\":[{\"@type\":\"ListItem\",\"position\":1,\"name\":\"Home\",\"item\":\"https:\/\/www.univela-morocco.com\/fr\/\"},{\"@type\":\"ListItem\",\"position\":2,\"name\":\"About\"}]},{\"@type\":\"WebSite\",\"@id\":\"https:\/\/www.univela-morocco.com\/fr\/#website\",\"url\":\"https:\/\/www.univela-morocco.com\/fr\/\",\"name\":\"\",\"description\":\"\",\"potentialAction\":[{\"@type\":\"SearchAction\",\"target\":{\"@type\":\"EntryPoint\",\"urlTemplate\":\"https:\/\/www.univela-morocco.com\/fr\/?s={search_term_string}\"},\"query-input\":{\"@type\":\"PropertyValueSpecification\",\"valueRequired\":true,\"valueName\":\"search_term_string\"}}],\"inLanguage\":\"fr-FR\"}]}<\/script>\n<!-- \/ Yoast SEO plugin. -->","yoast_head_json":{"title":"\u00c0 propos du fournisseur - Univela Morocco","description":"Informations sur la soci\u00e9t\u00e9 Univela Morocco, ses caract\u00e9ristiques et avantages sur le march\u00e9","robots":{"index":"index","follow":"follow","max-snippet":"max-snippet:-1","max-image-preview":"max-image-preview:large","max-video-preview":"max-video-preview:-1"},"canonical":"https:\/\/www.univela-morocco.com\/fr\/about\/","og_locale":"fr_FR","og_type":"article","og_title":"\u00c0 propos du fournisseur - Univela Morocco","og_description":"Informations sur la soci\u00e9t\u00e9 Univela Morocco, ses caract\u00e9ristiques et avantages sur le march\u00e9","og_url":"https:\/\/www.univela-morocco.com\/fr\/about\/","article_modified_time":"2020-03-19T08:14:00+00:00","twitter_card":"summary_large_image","schema":{"@context":"https:\/\/schema.org","@graph":[{"@type":"WebPage","@id":"https:\/\/www.univela-morocco.com\/fr\/about\/","url":"https:\/\/www.univela-morocco.com\/fr\/about\/","name":"\u00c0 propos du fournisseur - Univela Morocco","isPartOf":{"@id":"https:\/\/www.univela-morocco.com\/fr\/#website"},"datePublished":"2018-02-01T14:13:32+00:00","dateModified":"2020-03-19T08:14:00+00:00","description":"Informations sur la soci\u00e9t\u00e9 Univela Morocco, ses caract\u00e9ristiques et avantages sur le march\u00e9","breadcrumb":{"@id":"https:\/\/www.univela-morocco.com\/fr\/about\/#breadcrumb"},"inLanguage":"fr-FR","potentialAction":[{"@type":"ReadAction","target":["https:\/\/www.univela-morocco.com\/fr\/about\/"]}]},{"@type":"BreadcrumbList","@id":"https:\/\/www.univela-morocco.com\/fr\/about\/#breadcrumb","itemListElement":[{"@type":"ListItem","position":1,"name":"Home","item":"https:\/\/www.univela-morocco.com\/fr\/"},{"@type":"ListItem","position":2,"name":"About"}]},{"@type":"WebSite","@id":"https:\/\/www.univela-morocco.com\/fr\/#website","url":"https:\/\/www.univela-morocco.com\/fr\/","name":"","description":"","potentialAction":[{"@type":"SearchAction","target":{"@type":"EntryPoint","urlTemplate":"https:\/\/www.univela-morocco.com\/fr\/?s={search_term_string}"},"query-input":{"@type":"PropertyValueSpecification","valueRequired":true,"valueName":"search_term_string"}}],"inLanguage":"fr-FR"}]}},"_links":{"self":[{"href":"https:\/\/univela-morocco.com\/fr\/wp-json\/wp\/v2\/pages\/994","targetHints":{"allow":["GET"]}}],"collection":[{"href":"https:\/\/univela-morocco.com\/fr\/wp-json\/wp\/v2\/pages"}],"about":[{"href":"https:\/\/univela-morocco.com\/fr\/wp-json\/wp\/v2\/types\/page"}],"author":[{"embeddable":true,"href":"https:\/\/univela-morocco.com\/fr\/wp-json\/wp\/v2\/users\/1"}],"replies":[{"embeddable":true,"href":"https:\/\/univela-morocco.com\/fr\/wp-json\/wp\/v2\/comments?post=994"}],"version-history":[{"count":5,"href":"https:\/\/univela-morocco.com\/fr\/wp-json\/wp\/v2\/pages\/994\/revisions"}],"predecessor-version":[{"id":2837,"href":"https:\/\/univela-morocco.com\/fr\/wp-json\/wp\/v2\/pages\/994\/revisions\/2837"}],"wp:attachment":[{"href":"https:\/\/univela-morocco.com\/fr\/wp-json\/wp\/v2\/media?parent=994"}],"curies":[{"name":"wp","href":"https:\/\/api.w.org\/{rel}","templated":true}]}}