{"id":1745,"date":"2018-02-01T17:13:32","date_gmt":"2018-02-01T14:13:32","guid":{"rendered":"http:\/\/univela.myany.name\/about\/"},"modified":"2020-03-18T14:46:55","modified_gmt":"2020-03-18T11:46:55","slug":"about","status":"publish","type":"page","link":"https:\/\/univela-morocco.com\/pt-pt\/about\/","title":{"rendered":"Sobre n\u00f3s"},"content":{"rendered":"","protected":false},"excerpt":{"rendered":"","protected":false},"author":1,"featured_media":0,"parent":0,"menu_order":0,"comment_status":"closed","ping_status":"closed","template":"","meta":{"_acf_changed":false,"footnotes":""},"class_list":["post-1745","page","type-page","status-publish","hentry"],"acf":[],"yoast_head":"<!-- This site is optimized with the Yoast SEO plugin v26.5 - https:\/\/yoast.com\/wordpress\/plugins\/seo\/ -->\n<title>Sobre o fornecedor - Univela Morocco<\/title>\n<meta name=\"description\" content=\"Informa\u00e7\u00f5es sobre a empresa Univela Morocco, suas caracter\u00edsticas e vantagens no mercado\" \/>\n<meta name=\"robots\" content=\"index, follow, max-snippet:-1, max-image-preview:large, max-video-preview:-1\" \/>\n<link rel=\"canonical\" href=\"https:\/\/www.univela-morocco.com\/pt-pt\/about\/\" \/>\n<meta property=\"og:locale\" content=\"pt_PT\" \/>\n<meta property=\"og:type\" content=\"article\" \/>\n<meta property=\"og:title\" content=\"Sobre o fornecedor - Univela Morocco\" \/>\n<meta property=\"og:description\" content=\"Informa\u00e7\u00f5es sobre a empresa Univela Morocco, suas caracter\u00edsticas e vantagens no mercado\" \/>\n<meta property=\"og:url\" content=\"https:\/\/www.univela-morocco.com\/pt-pt\/about\/\" \/>\n<meta property=\"article:modified_time\" content=\"2020-03-18T11:46:55+00:00\" \/>\n<meta name=\"twitter:card\" content=\"summary_large_image\" \/>\n<script type=\"application\/ld+json\" class=\"yoast-schema-graph\">{\"@context\":\"https:\/\/schema.org\",\"@graph\":[{\"@type\":\"WebPage\",\"@id\":\"https:\/\/www.univela-morocco.com\/pt-pt\/about\/\",\"url\":\"https:\/\/www.univela-morocco.com\/pt-pt\/about\/\",\"name\":\"Sobre o fornecedor - Univela Morocco\",\"isPartOf\":{\"@id\":\"https:\/\/univela-morocco.com\/de\/#website\"},\"datePublished\":\"2018-02-01T14:13:32+00:00\",\"dateModified\":\"2020-03-18T11:46:55+00:00\",\"description\":\"Informa\u00e7\u00f5es sobre a empresa Univela Morocco, suas caracter\u00edsticas e vantagens no mercado\",\"breadcrumb\":{\"@id\":\"https:\/\/www.univela-morocco.com\/pt-pt\/about\/#breadcrumb\"},\"inLanguage\":\"pt-PT\",\"potentialAction\":[{\"@type\":\"ReadAction\",\"target\":[\"https:\/\/www.univela-morocco.com\/pt-pt\/about\/\"]}]},{\"@type\":\"BreadcrumbList\",\"@id\":\"https:\/\/www.univela-morocco.com\/pt-pt\/about\/#breadcrumb\",\"itemListElement\":[{\"@type\":\"ListItem\",\"position\":1,\"name\":\"Home\",\"item\":\"https:\/\/www.univela-morocco.com\/pt-pt\/\"},{\"@type\":\"ListItem\",\"position\":2,\"name\":\"Sobre n\u00f3s\"}]},{\"@type\":\"WebSite\",\"@id\":\"https:\/\/univela-morocco.com\/de\/#website\",\"url\":\"https:\/\/univela-morocco.com\/de\/\",\"name\":\"\",\"description\":\"\",\"potentialAction\":[{\"@type\":\"SearchAction\",\"target\":{\"@type\":\"EntryPoint\",\"urlTemplate\":\"https:\/\/univela-morocco.com\/de\/?s={search_term_string}\"},\"query-input\":{\"@type\":\"PropertyValueSpecification\",\"valueRequired\":true,\"valueName\":\"search_term_string\"}}],\"inLanguage\":\"pt-PT\"}]}<\/script>\n<!-- \/ Yoast SEO plugin. -->","yoast_head_json":{"title":"Sobre o fornecedor - Univela Morocco","description":"Informa\u00e7\u00f5es sobre a empresa Univela Morocco, suas caracter\u00edsticas e vantagens no mercado","robots":{"index":"index","follow":"follow","max-snippet":"max-snippet:-1","max-image-preview":"max-image-preview:large","max-video-preview":"max-video-preview:-1"},"canonical":"https:\/\/www.univela-morocco.com\/pt-pt\/about\/","og_locale":"pt_PT","og_type":"article","og_title":"Sobre o fornecedor - Univela Morocco","og_description":"Informa\u00e7\u00f5es sobre a empresa Univela Morocco, suas caracter\u00edsticas e vantagens no mercado","og_url":"https:\/\/www.univela-morocco.com\/pt-pt\/about\/","article_modified_time":"2020-03-18T11:46:55+00:00","twitter_card":"summary_large_image","schema":{"@context":"https:\/\/schema.org","@graph":[{"@type":"WebPage","@id":"https:\/\/www.univela-morocco.com\/pt-pt\/about\/","url":"https:\/\/www.univela-morocco.com\/pt-pt\/about\/","name":"Sobre o fornecedor - Univela Morocco","isPartOf":{"@id":"https:\/\/univela-morocco.com\/de\/#website"},"datePublished":"2018-02-01T14:13:32+00:00","dateModified":"2020-03-18T11:46:55+00:00","description":"Informa\u00e7\u00f5es sobre a empresa Univela Morocco, suas caracter\u00edsticas e vantagens no mercado","breadcrumb":{"@id":"https:\/\/www.univela-morocco.com\/pt-pt\/about\/#breadcrumb"},"inLanguage":"pt-PT","potentialAction":[{"@type":"ReadAction","target":["https:\/\/www.univela-morocco.com\/pt-pt\/about\/"]}]},{"@type":"BreadcrumbList","@id":"https:\/\/www.univela-morocco.com\/pt-pt\/about\/#breadcrumb","itemListElement":[{"@type":"ListItem","position":1,"name":"Home","item":"https:\/\/www.univela-morocco.com\/pt-pt\/"},{"@type":"ListItem","position":2,"name":"Sobre n\u00f3s"}]},{"@type":"WebSite","@id":"https:\/\/univela-morocco.com\/de\/#website","url":"https:\/\/univela-morocco.com\/de\/","name":"","description":"","potentialAction":[{"@type":"SearchAction","target":{"@type":"EntryPoint","urlTemplate":"https:\/\/univela-morocco.com\/de\/?s={search_term_string}"},"query-input":{"@type":"PropertyValueSpecification","valueRequired":true,"valueName":"search_term_string"}}],"inLanguage":"pt-PT"}]}},"_links":{"self":[{"href":"https:\/\/univela-morocco.com\/pt-pt\/wp-json\/wp\/v2\/pages\/1745","targetHints":{"allow":["GET"]}}],"collection":[{"href":"https:\/\/univela-morocco.com\/pt-pt\/wp-json\/wp\/v2\/pages"}],"about":[{"href":"https:\/\/univela-morocco.com\/pt-pt\/wp-json\/wp\/v2\/types\/page"}],"author":[{"embeddable":true,"href":"https:\/\/univela-morocco.com\/pt-pt\/wp-json\/wp\/v2\/users\/1"}],"replies":[{"embeddable":true,"href":"https:\/\/univela-morocco.com\/pt-pt\/wp-json\/wp\/v2\/comments?post=1745"}],"version-history":[{"count":7,"href":"https:\/\/univela-morocco.com\/pt-pt\/wp-json\/wp\/v2\/pages\/1745\/revisions"}],"predecessor-version":[{"id":2947,"href":"https:\/\/univela-morocco.com\/pt-pt\/wp-json\/wp\/v2\/pages\/1745\/revisions\/2947"}],"wp:attachment":[{"href":"https:\/\/univela-morocco.com\/pt-pt\/wp-json\/wp\/v2\/media?parent=1745"}],"curies":[{"name":"wp","href":"https:\/\/api.w.org\/{rel}","templated":true}]}}