{"id":2894,"date":"2018-02-01T15:57:21","date_gmt":"2018-02-01T12:57:21","guid":{"rendered":"http:\/\/univela.myany.name\/home\/"},"modified":"2020-03-18T14:46:18","modified_gmt":"2020-03-18T11:46:18","slug":"home-page","status":"publish","type":"page","link":"https:\/\/univela-morocco.com\/pt-pt\/","title":{"rendered":"Home Page"},"content":{"rendered":"","protected":false},"excerpt":{"rendered":"","protected":false},"author":1,"featured_media":0,"parent":0,"menu_order":0,"comment_status":"closed","ping_status":"closed","template":"","meta":{"_acf_changed":false,"footnotes":""},"class_list":["post-2894","page","type-page","status-publish","hentry"],"acf":[],"yoast_head":"<!-- This site is optimized with the Yoast SEO plugin v26.5 - https:\/\/yoast.com\/wordpress\/plugins\/seo\/ -->\n<title>Exporta\u00e7\u00f5es de Marrocos. Grande empresa de exporta\u00e7\u00e3o e importa\u00e7\u00e3o Univela Morocco<\/title>\n<meta name=\"description\" content=\"N\u00f3s somos um grande fornecedor de peixe, frutos do mar, legumes, frutas e outros produtos de Marrocos para voc\u00ea. Exportamos mercadorias para fazendas em qualquer pa\u00eds\" \/>\n<meta name=\"robots\" content=\"index, follow, max-snippet:-1, max-image-preview:large, max-video-preview:-1\" \/>\n<link rel=\"canonical\" href=\"https:\/\/www.univela-morocco.com\/pt-pt\/\" \/>\n<meta property=\"og:locale\" content=\"pt_PT\" \/>\n<meta property=\"og:type\" content=\"article\" \/>\n<meta property=\"og:title\" content=\"Exporta\u00e7\u00f5es de Marrocos. Grande empresa de exporta\u00e7\u00e3o e importa\u00e7\u00e3o Univela Morocco\" \/>\n<meta property=\"og:description\" content=\"N\u00f3s somos um grande fornecedor de peixe, frutos do mar, legumes, frutas e outros produtos de Marrocos para voc\u00ea. Exportamos mercadorias para fazendas em qualquer pa\u00eds\" \/>\n<meta property=\"og:url\" content=\"https:\/\/www.univela-morocco.com\/pt-pt\/\" \/>\n<meta property=\"article:modified_time\" content=\"2020-03-18T11:46:18+00:00\" \/>\n<meta name=\"twitter:card\" content=\"summary_large_image\" \/>\n<script type=\"application\/ld+json\" class=\"yoast-schema-graph\">{\"@context\":\"https:\/\/schema.org\",\"@graph\":[{\"@type\":\"WebPage\",\"@id\":\"https:\/\/www.univela-morocco.com\/pt-pt\/\",\"url\":\"https:\/\/www.univela-morocco.com\/pt-pt\/\",\"name\":\"Exporta\u00e7\u00f5es de Marrocos. Grande empresa de exporta\u00e7\u00e3o e importa\u00e7\u00e3o Univela Morocco\",\"isPartOf\":{\"@id\":\"https:\/\/univela-morocco.com\/#website\"},\"datePublished\":\"2018-02-01T12:57:21+00:00\",\"dateModified\":\"2020-03-18T11:46:18+00:00\",\"description\":\"N\u00f3s somos um grande fornecedor de peixe, frutos do mar, legumes, frutas e outros produtos de Marrocos para voc\u00ea. Exportamos mercadorias para fazendas em qualquer pa\u00eds\",\"breadcrumb\":{\"@id\":\"https:\/\/www.univela-morocco.com\/pt-pt\/#breadcrumb\"},\"inLanguage\":\"pt-PT\",\"potentialAction\":[{\"@type\":\"ReadAction\",\"target\":[\"https:\/\/www.univela-morocco.com\/pt-pt\/\"]}]},{\"@type\":\"BreadcrumbList\",\"@id\":\"https:\/\/www.univela-morocco.com\/pt-pt\/#breadcrumb\",\"itemListElement\":[{\"@type\":\"ListItem\",\"position\":1,\"name\":\"Home\",\"item\":\"https:\/\/www.univela-morocco.com\/pt-pt\/\"},{\"@type\":\"ListItem\",\"position\":2,\"name\":\"Home Page\"}]},{\"@type\":\"WebSite\",\"@id\":\"https:\/\/univela-morocco.com\/#website\",\"url\":\"https:\/\/univela-morocco.com\/\",\"name\":\"\",\"description\":\"\",\"potentialAction\":[{\"@type\":\"SearchAction\",\"target\":{\"@type\":\"EntryPoint\",\"urlTemplate\":\"https:\/\/univela-morocco.com\/?s={search_term_string}\"},\"query-input\":{\"@type\":\"PropertyValueSpecification\",\"valueRequired\":true,\"valueName\":\"search_term_string\"}}],\"inLanguage\":\"pt-PT\"}]}<\/script>\n<!-- \/ Yoast SEO plugin. -->","yoast_head_json":{"title":"Exporta\u00e7\u00f5es de Marrocos. Grande empresa de exporta\u00e7\u00e3o e importa\u00e7\u00e3o Univela Morocco","description":"N\u00f3s somos um grande fornecedor de peixe, frutos do mar, legumes, frutas e outros produtos de Marrocos para voc\u00ea. Exportamos mercadorias para fazendas em qualquer pa\u00eds","robots":{"index":"index","follow":"follow","max-snippet":"max-snippet:-1","max-image-preview":"max-image-preview:large","max-video-preview":"max-video-preview:-1"},"canonical":"https:\/\/www.univela-morocco.com\/pt-pt\/","og_locale":"pt_PT","og_type":"article","og_title":"Exporta\u00e7\u00f5es de Marrocos. Grande empresa de exporta\u00e7\u00e3o e importa\u00e7\u00e3o Univela Morocco","og_description":"N\u00f3s somos um grande fornecedor de peixe, frutos do mar, legumes, frutas e outros produtos de Marrocos para voc\u00ea. Exportamos mercadorias para fazendas em qualquer pa\u00eds","og_url":"https:\/\/www.univela-morocco.com\/pt-pt\/","article_modified_time":"2020-03-18T11:46:18+00:00","twitter_card":"summary_large_image","schema":{"@context":"https:\/\/schema.org","@graph":[{"@type":"WebPage","@id":"https:\/\/www.univela-morocco.com\/pt-pt\/","url":"https:\/\/www.univela-morocco.com\/pt-pt\/","name":"Exporta\u00e7\u00f5es de Marrocos. Grande empresa de exporta\u00e7\u00e3o e importa\u00e7\u00e3o Univela Morocco","isPartOf":{"@id":"https:\/\/univela-morocco.com\/#website"},"datePublished":"2018-02-01T12:57:21+00:00","dateModified":"2020-03-18T11:46:18+00:00","description":"N\u00f3s somos um grande fornecedor de peixe, frutos do mar, legumes, frutas e outros produtos de Marrocos para voc\u00ea. Exportamos mercadorias para fazendas em qualquer pa\u00eds","breadcrumb":{"@id":"https:\/\/www.univela-morocco.com\/pt-pt\/#breadcrumb"},"inLanguage":"pt-PT","potentialAction":[{"@type":"ReadAction","target":["https:\/\/www.univela-morocco.com\/pt-pt\/"]}]},{"@type":"BreadcrumbList","@id":"https:\/\/www.univela-morocco.com\/pt-pt\/#breadcrumb","itemListElement":[{"@type":"ListItem","position":1,"name":"Home","item":"https:\/\/www.univela-morocco.com\/pt-pt\/"},{"@type":"ListItem","position":2,"name":"Home Page"}]},{"@type":"WebSite","@id":"https:\/\/univela-morocco.com\/#website","url":"https:\/\/univela-morocco.com\/","name":"","description":"","potentialAction":[{"@type":"SearchAction","target":{"@type":"EntryPoint","urlTemplate":"https:\/\/univela-morocco.com\/?s={search_term_string}"},"query-input":{"@type":"PropertyValueSpecification","valueRequired":true,"valueName":"search_term_string"}}],"inLanguage":"pt-PT"}]}},"_links":{"self":[{"href":"https:\/\/univela-morocco.com\/pt-pt\/wp-json\/wp\/v2\/pages\/2894","targetHints":{"allow":["GET"]}}],"collection":[{"href":"https:\/\/univela-morocco.com\/pt-pt\/wp-json\/wp\/v2\/pages"}],"about":[{"href":"https:\/\/univela-morocco.com\/pt-pt\/wp-json\/wp\/v2\/types\/page"}],"author":[{"embeddable":true,"href":"https:\/\/univela-morocco.com\/pt-pt\/wp-json\/wp\/v2\/users\/1"}],"replies":[{"embeddable":true,"href":"https:\/\/univela-morocco.com\/pt-pt\/wp-json\/wp\/v2\/comments?post=2894"}],"version-history":[{"count":5,"href":"https:\/\/univela-morocco.com\/pt-pt\/wp-json\/wp\/v2\/pages\/2894\/revisions"}],"predecessor-version":[{"id":2977,"href":"https:\/\/univela-morocco.com\/pt-pt\/wp-json\/wp\/v2\/pages\/2894\/revisions\/2977"}],"wp:attachment":[{"href":"https:\/\/univela-morocco.com\/pt-pt\/wp-json\/wp\/v2\/media?parent=2894"}],"curies":[{"name":"wp","href":"https:\/\/api.w.org\/{rel}","templated":true}]}}